{"id":49,"date":"2015-06-30T13:46:16","date_gmt":"2015-06-30T11:46:16","guid":{"rendered":"http:\/\/blog.zreptil.de\/?page_id=49"},"modified":"2015-07-02T16:03:57","modified_gmt":"2015-07-02T14:03:57","slug":"startseite","status":"publish","type":"page","link":"https:\/\/blog.zreptil.de\/","title":{"rendered":"Willkommen"},"content":{"rendered":"<p>Herzlich willkommen in meinem Blog. Hier ver\u00f6ffentliche ich alles von mir, was mir ver\u00f6ffentlichungswert erscheint, was normalerweise nicht weit \u00fcber die gelegentliche Verfassung von Gedichten hinausgehen wird.<\/p>\n","protected":false},"excerpt":{"rendered":"<p>Herzlich willkommen in meinem Blog. Hier ver\u00f6ffentliche ich alles von mir, was mir ver\u00f6ffentlichungswert erscheint, was normalerweise nicht weit \u00fcber die gelegentliche Verfassung von Gedichten hinausgehen wird.<\/p>\n","protected":false},"author":1,"featured_media":0,"parent":0,"menu_order":0,"comment_status":"closed","ping_status":"closed","template":"","meta":{"generate_page_header":"","footnotes":""},"class_list":{"0":"post-49","1":"page","2":"type-page","3":"status-publish","5":"infinite-scroll-item"},"_links":{"self":[{"href":"https:\/\/blog.zreptil.de\/index.php\/wp-json\/wp\/v2\/pages\/49","targetHints":{"allow":["GET"]}}],"collection":[{"href":"https:\/\/blog.zreptil.de\/index.php\/wp-json\/wp\/v2\/pages"}],"about":[{"href":"https:\/\/blog.zreptil.de\/index.php\/wp-json\/wp\/v2\/types\/page"}],"author":[{"embeddable":true,"href":"https:\/\/blog.zreptil.de\/index.php\/wp-json\/wp\/v2\/users\/1"}],"replies":[{"embeddable":true,"href":"https:\/\/blog.zreptil.de\/index.php\/wp-json\/wp\/v2\/comments?post=49"}],"version-history":[{"count":10,"href":"https:\/\/blog.zreptil.de\/index.php\/wp-json\/wp\/v2\/pages\/49\/revisions"}],"predecessor-version":[{"id":193,"href":"https:\/\/blog.zreptil.de\/index.php\/wp-json\/wp\/v2\/pages\/49\/revisions\/193"}],"wp:attachment":[{"href":"https:\/\/blog.zreptil.de\/index.php\/wp-json\/wp\/v2\/media?parent=49"}],"curies":[{"name":"wp","href":"https:\/\/api.w.org\/{rel}","templated":true}]}}